{"id":31,"date":"2026-03-25T11:26:02","date_gmt":"2026-03-25T11:26:02","guid":{"rendered":"https:\/\/www.luettgens.org\/?page_id=31"},"modified":"2026-03-26T09:42:05","modified_gmt":"2026-03-26T09:42:05","slug":"kontakt","status":"publish","type":"page","link":"https:\/\/www.luettgens.org\/?page_id=31","title":{"rendered":"Kontakt"},"content":{"rendered":"\n<p><strong>Ingenieurb\u00fcro Thomas L\u00fcttgens<\/strong><br>Polzstr. 17A<br>82256 F\u00fcrstenfeldbruck<br>\ud83d\udce7\u00a0<a href=\"mailto:ingenieurbuero@luettgens.org\">ingenieurbuero@luettgens.org<\/a> <br>\ud83d\udcde\u00a0+49 (0) 8141 5375614<\/p>\n\n\n\n<p><\/p>\n","protected":false},"excerpt":{"rendered":"<p>Ingenieurb\u00fcro Thomas L\u00fcttgensPolzstr. 17A82256 F\u00fcrstenfeldbruck\ud83d\udce7\u00a0ingenieurbuero@luettgens.org \ud83d\udcde\u00a0+49 (0) 8141 5375614<\/p>\n","protected":false},"author":1,"featured_media":0,"parent":0,"menu_order":0,"comment_status":"closed","ping_status":"closed","template":"","meta":{"neve_meta_sidebar":"","neve_meta_container":"","neve_meta_enable_content_width":"","neve_meta_content_width":0,"neve_meta_title_alignment":"","neve_meta_author_avatar":"","neve_post_elements_order":"","neve_meta_disable_header":"","neve_meta_disable_footer":"","neve_meta_disable_title":"","footnotes":""},"class_list":["post-31","page","type-page","status-publish","hentry"],"_links":{"self":[{"href":"https:\/\/www.luettgens.org\/index.php?rest_route=\/wp\/v2\/pages\/31","targetHints":{"allow":["GET"]}}],"collection":[{"href":"https:\/\/www.luettgens.org\/index.php?rest_route=\/wp\/v2\/pages"}],"about":[{"href":"https:\/\/www.luettgens.org\/index.php?rest_route=\/wp\/v2\/types\/page"}],"author":[{"embeddable":true,"href":"https:\/\/www.luettgens.org\/index.php?rest_route=\/wp\/v2\/users\/1"}],"replies":[{"embeddable":true,"href":"https:\/\/www.luettgens.org\/index.php?rest_route=%2Fwp%2Fv2%2Fcomments&post=31"}],"version-history":[{"count":4,"href":"https:\/\/www.luettgens.org\/index.php?rest_route=\/wp\/v2\/pages\/31\/revisions"}],"predecessor-version":[{"id":49,"href":"https:\/\/www.luettgens.org\/index.php?rest_route=\/wp\/v2\/pages\/31\/revisions\/49"}],"wp:attachment":[{"href":"https:\/\/www.luettgens.org\/index.php?rest_route=%2Fwp%2Fv2%2Fmedia&parent=31"}],"curies":[{"name":"wp","href":"https:\/\/api.w.org\/{rel}","templated":true}]}}