{"id":52,"date":"2026-03-26T09:59:29","date_gmt":"2026-03-26T09:59:29","guid":{"rendered":"https:\/\/www.luettgens.org\/?page_id=52"},"modified":"2026-03-26T09:59:30","modified_gmt":"2026-03-26T09:59:30","slug":"datenschutz","status":"publish","type":"page","link":"https:\/\/www.luettgens.org\/?page_id=52","title":{"rendered":"Datenschutz"},"content":{"rendered":"\n<p><strong>Datenschutzerkl\u00e4rung<\/strong><\/p>\n\n\n\n<ol start=\"1\" class=\"wp-block-list\">\n<li>Allgemeine Hinweise<\/li>\n\n\n\n<li>Der Schutz Ihrer pers\u00f6nlichen Daten ist uns ein besonderes Anliegen. Wir behandeln Ihre personenbezogenen Daten vertraulich und entsprechend den gesetzlichen Datenschutzvorschriften sowie dieser Datenschutzerkl\u00e4rung.<\/li>\n<\/ol>\n\n\n\n<hr class=\"wp-block-separator has-alpha-channel-opacity\"\/>\n\n\n\n<ol start=\"2\" class=\"wp-block-list\">\n<li><strong>Verantwortlicher<\/strong><\/li>\n<\/ol>\n\n\n\n<p>Ingenieurb\u00fcro Thomas L\u00fcttgens<br>Polzstr. 17A<br>82256 F\u00fcrstenfeldbruck<br>E-Mail: ingenieurb\u00fcro@luetgens.org<br>Telefon: +49 (0) 8141 5375614<\/p>\n\n\n\n<hr class=\"wp-block-separator has-alpha-channel-opacity\"\/>\n\n\n\n<ol start=\"3\" class=\"wp-block-list\">\n<li><strong>Erhebung und Speicherung personenbezogener Daten<\/strong><\/li>\n<\/ol>\n\n\n\n<p>Beim Besuch dieser Website werden automatisch Informationen durch den Hosting-Provider erfasst (Server-Logfiles). Dies sind insbesondere:<\/p>\n\n\n\n<ul class=\"wp-block-list\">\n<li>Browsertyp und Browserversion<\/li>\n\n\n\n<li>verwendetes Betriebssystem<\/li>\n\n\n\n<li>Referrer URL<\/li>\n\n\n\n<li>Hostname des zugreifenden Rechners<\/li>\n\n\n\n<li>Uhrzeit der Serveranfrage<\/li>\n<\/ul>\n\n\n\n<p>Diese Daten sind nicht bestimmten Personen zuordenbar.<\/p>\n\n\n\n<hr class=\"wp-block-separator has-alpha-channel-opacity\"\/>\n\n\n\n<ol start=\"4\" class=\"wp-block-list\">\n<li><strong>Kontaktaufnahme<\/strong><\/li>\n<\/ol>\n\n\n\n<p>Wenn Sie uns per E-Mail kontaktieren, werden Ihre Angaben inklusive der von Ihnen dort angegebenen Kontaktdaten zwecks Bearbeitung der Anfrage gespeichert.<\/p>\n\n\n\n<hr class=\"wp-block-separator has-alpha-channel-opacity\"\/>\n\n\n\n<ol start=\"5\" class=\"wp-block-list\">\n<li><strong>Hosting<\/strong><\/li>\n<\/ol>\n\n\n\n<p>Diese Website wird bei einem externen Dienstleister gehostet (IONOS). Die personenbezogenen Daten, die auf dieser Website erfasst werden, werden auf den Servern des Hosters gespeichert.<\/p>\n\n\n\n<hr class=\"wp-block-separator has-alpha-channel-opacity\"\/>\n\n\n\n<ol start=\"6\" class=\"wp-block-list\">\n<li><strong>Ihre Rechte<\/strong><\/li>\n<\/ol>\n\n\n\n<p>Sie haben jederzeit das Recht auf:<\/p>\n\n\n\n<ul class=\"wp-block-list\">\n<li>Auskunft \u00fcber Ihre gespeicherten Daten<\/li>\n\n\n\n<li>Berichtigung<\/li>\n\n\n\n<li>L\u00f6schung<\/li>\n\n\n\n<li>Einschr\u00e4nkung der Verarbeitung<\/li>\n<\/ul>\n\n\n\n<hr class=\"wp-block-separator has-alpha-channel-opacity\"\/>\n\n\n\n<ol start=\"7\" class=\"wp-block-list\">\n<li><strong>SSL- bzw. TLS-Verschl\u00fcsselung<\/strong><\/li>\n<\/ol>\n\n\n\n<p>Diese Seite nutzt aus Sicherheitsgr\u00fcnden eine SSL- bzw. TLS-Verschl\u00fcsselung.<\/p>\n\n\n\n<hr class=\"wp-block-separator has-alpha-channel-opacity\"\/>\n\n\n\n<ol start=\"8\" class=\"wp-block-list\">\n<li><strong>Widerspruch gegen Werbe-Mails<\/strong><\/li>\n<\/ol>\n\n\n\n<p>Der Nutzung von im Rahmen der Impressumspflicht ver\u00f6ffentlichten Kontaktdaten zur \u00dcbersendung von nicht ausdr\u00fccklich angeforderter Werbung wird widersprochen.<\/p>\n","protected":false},"excerpt":{"rendered":"<p>Datenschutzerkl\u00e4rung Ingenieurb\u00fcro Thomas L\u00fcttgensPolzstr. 17A82256 F\u00fcrstenfeldbruckE-Mail: ingenieurb\u00fcro@luetgens.orgTelefon: +49 (0) 8141 5375614 Beim Besuch dieser Website werden automatisch Informationen durch den Hosting-Provider erfasst (Server-Logfiles). Dies sind insbesondere: Diese Daten sind nicht bestimmten Personen zuordenbar. Wenn Sie uns per E-Mail kontaktieren, werden Ihre Angaben inklusive der von Ihnen dort angegebenen Kontaktdaten zwecks Bearbeitung der Anfrage gespeichert. Diese&hellip;&nbsp;<\/p>\n","protected":false},"author":1,"featured_media":0,"parent":0,"menu_order":0,"comment_status":"closed","ping_status":"closed","template":"","meta":{"neve_meta_sidebar":"","neve_meta_container":"","neve_meta_enable_content_width":"","neve_meta_content_width":0,"neve_meta_title_alignment":"","neve_meta_author_avatar":"","neve_post_elements_order":"","neve_meta_disable_header":"","neve_meta_disable_footer":"","neve_meta_disable_title":"","footnotes":""},"class_list":["post-52","page","type-page","status-publish","hentry"],"_links":{"self":[{"href":"https:\/\/www.luettgens.org\/index.php?rest_route=\/wp\/v2\/pages\/52","targetHints":{"allow":["GET"]}}],"collection":[{"href":"https:\/\/www.luettgens.org\/index.php?rest_route=\/wp\/v2\/pages"}],"about":[{"href":"https:\/\/www.luettgens.org\/index.php?rest_route=\/wp\/v2\/types\/page"}],"author":[{"embeddable":true,"href":"https:\/\/www.luettgens.org\/index.php?rest_route=\/wp\/v2\/users\/1"}],"replies":[{"embeddable":true,"href":"https:\/\/www.luettgens.org\/index.php?rest_route=%2Fwp%2Fv2%2Fcomments&post=52"}],"version-history":[{"count":1,"href":"https:\/\/www.luettgens.org\/index.php?rest_route=\/wp\/v2\/pages\/52\/revisions"}],"predecessor-version":[{"id":53,"href":"https:\/\/www.luettgens.org\/index.php?rest_route=\/wp\/v2\/pages\/52\/revisions\/53"}],"wp:attachment":[{"href":"https:\/\/www.luettgens.org\/index.php?rest_route=%2Fwp%2Fv2%2Fmedia&parent=52"}],"curies":[{"name":"wp","href":"https:\/\/api.w.org\/{rel}","templated":true}]}}