{"id":60,"date":"2026-03-27T13:54:43","date_gmt":"2026-03-27T13:54:43","guid":{"rendered":"https:\/\/www.luettgens.org\/?page_id=60"},"modified":"2026-03-27T15:25:59","modified_gmt":"2026-03-27T15:25:59","slug":"ue","status":"publish","type":"page","link":"https:\/\/www.luettgens.org\/?page_id=60","title":{"rendered":"\u00dcber mich"},"content":{"rendered":"\n<figure class=\"wp-block-image size-large is-resized\"><img loading=\"lazy\" decoding=\"async\" width=\"1024\" height=\"683\" src=\"https:\/\/www.luettgens.org\/wp-content\/uploads\/2026\/03\/Luettgens-Thomas-046_bearbeitet_Socialmedia-1024x683.jpg\" alt=\"\" class=\"wp-image-61\" style=\"width:302px;height:auto\" srcset=\"https:\/\/www.luettgens.org\/wp-content\/uploads\/2026\/03\/Luettgens-Thomas-046_bearbeitet_Socialmedia-1024x683.jpg 1024w, https:\/\/www.luettgens.org\/wp-content\/uploads\/2026\/03\/Luettgens-Thomas-046_bearbeitet_Socialmedia-300x200.jpg 300w, https:\/\/www.luettgens.org\/wp-content\/uploads\/2026\/03\/Luettgens-Thomas-046_bearbeitet_Socialmedia-768x512.jpg 768w, https:\/\/www.luettgens.org\/wp-content\/uploads\/2026\/03\/Luettgens-Thomas-046_bearbeitet_Socialmedia-1536x1024.jpg 1536w, https:\/\/www.luettgens.org\/wp-content\/uploads\/2026\/03\/Luettgens-Thomas-046_bearbeitet_Socialmedia-2048x1365.jpg 2048w, https:\/\/www.luettgens.org\/wp-content\/uploads\/2026\/03\/Luettgens-Thomas-046_bearbeitet_Socialmedia-930x620.jpg 930w\" sizes=\"auto, (max-width: 1024px) 100vw, 1024px\" \/><\/figure>\n\n\n\n<p><\/p>\n\n\n\n<hr class=\"wp-block-separator has-alpha-channel-opacity\"\/>\n\n\n\n<h2 class=\"wp-block-heading\"><strong>Erfahrung aus Industrie und Gesch\u00e4ftsf\u00fchrung<\/strong><\/h2>\n\n\n\n<p>Ich unterst\u00fctze Unternehmen bei der Umsetzung von Umwelt- und Energiemanagementsystemen sowie bei regulatorischen Anforderungen \u2013 mit einem klaren Fokus auf praktikable und wirtschaftlich sinnvolle L\u00f6sungen.<\/p>\n\n\n\n<hr class=\"wp-block-separator has-alpha-channel-opacity\"\/>\n\n\n\n<h2 class=\"wp-block-heading\"><strong>Industrieerfahrung statt Theorie<\/strong><\/h2>\n\n\n\n<p>Ich verf\u00fcge \u00fcber langj\u00e4hrige Erfahrung in leitenden Positionen internationaler Industrieunternehmen sowie in der Gesch\u00e4ftsf\u00fchrung mittelst\u00e4ndischer Unternehmen.<br>Stationen meiner beruflichen Laufbahn umfassen unter anderem:<br>\u2013 Paul Hartmann AG<br>\u2013 Schott AG<br>\u2013 Rofin-Sinar Laser<br>\u2013 Krause-Biagosch<br>In diesen Funktionen habe ich Managementsysteme nicht nur begleitet, sondern operativ verantwortet und weiterentwickelt.<\/p>\n\n\n\n<hr class=\"wp-block-separator has-alpha-channel-opacity\"\/>\n\n\n\n<h2 class=\"wp-block-heading\"><strong>Praxisorientierter Ansatz<\/strong><\/h2>\n\n\n\n<p>Mein Ansatz ist gepr\u00e4gt durch unternehmerisches Denken und praktische Umsetzbarkeit.<br>Ich arbeite:<br>\u2013 l\u00f6sungsorientiert statt theoretisch<br>\u2013 strukturiert und effizient<br>\u2013 auf Augenh\u00f6he mit meinen Auftraggebern<br>Ziel ist es, Systeme zu schaffen, die nicht nur auditf\u00e4hig sind, sondern im Unternehmensalltag funktionieren.<\/p>\n\n\n\n<hr class=\"wp-block-separator has-alpha-channel-opacity\"\/>\n\n\n\n<h2 class=\"wp-block-heading\"><strong>Umweltgutachter und Berater<\/strong><\/h2>\n\n\n\n<p>Als Umweltgutachter arbeite ich innerhalb der zugelassenen Wirtschaftszweige im Rahmen der gesetzlichen Vorgaben.<br>Dar\u00fcber hinaus unterst\u00fctze ich Unternehmen branchen\u00fcbergreifend bei der Einf\u00fchrung und Weiterentwicklung von Umwelt- und Energiemanagementsystemen (EMAS, ISO 14001, ISO 50001).<\/p>\n\n\n\n<hr class=\"wp-block-separator has-alpha-channel-opacity\"\/>\n\n\n\n<h2 class=\"wp-block-heading\"><strong>Fokus<\/strong><\/h2>\n\n\n\n<p>Schwerpunkt meiner T\u00e4tigkeit sind Industrieunternehmen und der produzierende Mittelstand.<\/p>\n\n\n\n<p><\/p>\n","protected":false},"excerpt":{"rendered":"<p>Erfahrung aus Industrie und Gesch\u00e4ftsf\u00fchrung Ich unterst\u00fctze Unternehmen bei der Umsetzung von Umwelt- und Energiemanagementsystemen sowie bei regulatorischen Anforderungen \u2013 mit einem klaren Fokus auf praktikable und wirtschaftlich sinnvolle L\u00f6sungen. Industrieerfahrung statt Theorie Ich verf\u00fcge \u00fcber langj\u00e4hrige Erfahrung in leitenden Positionen internationaler Industrieunternehmen sowie in der Gesch\u00e4ftsf\u00fchrung mittelst\u00e4ndischer Unternehmen.Stationen meiner beruflichen Laufbahn umfassen unter anderem:\u2013&hellip;&nbsp;<\/p>\n","protected":false},"author":1,"featured_media":0,"parent":0,"menu_order":0,"comment_status":"closed","ping_status":"closed","template":"","meta":{"neve_meta_sidebar":"","neve_meta_container":"","neve_meta_enable_content_width":"","neve_meta_content_width":0,"neve_meta_title_alignment":"","neve_meta_author_avatar":"","neve_post_elements_order":"","neve_meta_disable_header":"","neve_meta_disable_footer":"","neve_meta_disable_title":"","footnotes":""},"class_list":["post-60","page","type-page","status-publish","hentry"],"_links":{"self":[{"href":"https:\/\/www.luettgens.org\/index.php?rest_route=\/wp\/v2\/pages\/60","targetHints":{"allow":["GET"]}}],"collection":[{"href":"https:\/\/www.luettgens.org\/index.php?rest_route=\/wp\/v2\/pages"}],"about":[{"href":"https:\/\/www.luettgens.org\/index.php?rest_route=\/wp\/v2\/types\/page"}],"author":[{"embeddable":true,"href":"https:\/\/www.luettgens.org\/index.php?rest_route=\/wp\/v2\/users\/1"}],"replies":[{"embeddable":true,"href":"https:\/\/www.luettgens.org\/index.php?rest_route=%2Fwp%2Fv2%2Fcomments&post=60"}],"version-history":[{"count":4,"href":"https:\/\/www.luettgens.org\/index.php?rest_route=\/wp\/v2\/pages\/60\/revisions"}],"predecessor-version":[{"id":66,"href":"https:\/\/www.luettgens.org\/index.php?rest_route=\/wp\/v2\/pages\/60\/revisions\/66"}],"wp:attachment":[{"href":"https:\/\/www.luettgens.org\/index.php?rest_route=%2Fwp%2Fv2%2Fmedia&parent=60"}],"curies":[{"name":"wp","href":"https:\/\/api.w.org\/{rel}","templated":true}]}}